{"id":6,"date":"2019-09-10T12:09:19","date_gmt":"2019-09-10T12:09:19","guid":{"rendered":"https:\/\/hausanna.fi\/?p=6"},"modified":"2026-03-08T19:54:51","modified_gmt":"2026-03-08T17:54:51","slug":"contact","status":"publish","type":"page","link":"https:\/\/www.hausanna.fi\/?page_id=6","title":{"rendered":"Majoitustiedot"},"content":{"rendered":"<h1>Majoitustietoja<\/h1>\n<h4>Majoitushinnat alkaen<br \/>(hinnat vaihtelevat kausittain)<\/h4>\n<ul>\n<li>\n<h3>Huone yhdelle<\/h3>\n<div>\n<p>70 \u20ac<\/p>\n<\/div>\n<\/li>\n<li>\n<h3>Huone kahdelle<\/h3>\n<div>\n<p>90 \u20ac<\/p>\n<\/div>\n<\/li>\n<li>\n<h3>Huone yhdelle<\/h3>\n<p>Aamiaisella<\/p>\n<div>\n<p>85 \u20ac<\/p>\n<\/div>\n<\/li>\n<li>\n<h3>Huone kahdelle<\/h3>\n<p>Aamiaisella<\/p>\n<div>\n<p>120 \u20ac<\/p>\n<\/div>\n<\/li>\n<\/ul>\n<div>\n<p>Hinnat sis\u00e4lt\u00e4v\u00e4t arvonlis\u00e4veron 14%.<\/p>\n<\/div>\n<h4>Huoneen vastaanotto<\/h4>\n<div>\n<p>Huoneen saa k\u00e4ytt\u00f6\u00f6n tulop\u00e4iv\u00e4n\u00e4 kello 15 menness\u00e4 ja huone on luovutettava l\u00e4ht\u00f6p\u00e4iv\u00e4n\u00e4 kello 12 menness\u00e4.<\/p>\n<p>Kerrothan meille saapumisaikasi etuk\u00e4teen, jotta osaamme olla paikalla.<\/p>\n<h5>Tervetuloa Haus Annaan!<\/h5>\n<\/div>\n<ul>\n<li>\n<p><img decoding=\"async\" src=\"\/wp-content\/uploads\/2024\/03\/241i.jpg\" alt=\"\"><\/p>\n<\/li>\n<li>\n<p><img decoding=\"async\" src=\"\/wp-content\/uploads\/2024\/03\/241f.jpg\" alt=\"\"><\/p>\n<\/li>\n<li>\n<p><img decoding=\"async\" src=\"\/wp-content\/uploads\/2024\/03\/241g.jpg\" alt=\"\"><\/p>\n<\/li>\n<li>\n<p><img decoding=\"async\" src=\"\/wp-content\/uploads\/2024\/03\/241b.jpg\" alt=\"\"><\/p>\n<\/li>\n<li>\n<p><img decoding=\"async\" src=\"\/wp-content\/uploads\/2024\/03\/241c.jpg\" alt=\"\"><\/p>\n<\/li>\n<li>\n<p><img decoding=\"async\" src=\"\/wp-content\/uploads\/2024\/03\/241a.jpg\" alt=\"\"><\/p>\n<\/li>\n<li>\n<p><img decoding=\"async\" src=\"\/wp-content\/uploads\/2024\/03\/241e.jpg\" alt=\"\"><\/p>\n<\/li>\n<li>\n<p><img decoding=\"async\" src=\"\/wp-content\/uploads\/2024\/03\/241j.jpg\" alt=\"\"><\/p>\n<\/li>\n<\/ul>\n<h4>Yhteydenottolomake<\/h4>\n<h4>Lis\u00e4tietoja majoituksesta<\/h4>\n<ul>\n<li>\n<h3>Huoneen vastaanotto<\/h3>\n<div>\n<p>Huoneen saa k\u00e4ytt\u00f6\u00f6n tulop\u00e4iv\u00e4n\u00e4 kello 15 menness\u00e4 ja huone on luovutettava l\u00e4ht\u00f6p\u00e4iv\u00e4n\u00e4 kello 12 menness\u00e4.<\/p>\n<\/div>\n<\/li>\n<li>\n<h3>Lis\u00e4vuoteet<\/h3>\n<div>\n<p>Huoneisiin on saatavilla lis\u00e4vuode, josta veloitamme 20 \u20ac\/vrk. Pinnas\u00e4nky on saatavilla veloituksetta.<\/p>\n<\/div>\n<\/li>\n<li>\n<h3>Pidemm\u00e4t majoitukset<\/h3>\n<div>\n<p>Majoitamme asiakkaitamme my\u00f6s pidemmiksi ajoiksi ja annamme mielell\u00e4mme tarjouksen tarpeesi mukaan.<\/p>\n<\/div>\n<\/li>\n<li>\n<h3>Huoneiden varustelu<\/h3>\n<div>\n<p>Huoneissa on j\u00e4\u00e4kaappi \u00a0ja tv. Vieraiden k\u00e4yt\u00f6ss\u00e4 on yhteinen oleskelutila, jossa on mikroaaltouuni, kahvinkeitin, leiv\u00e4npaahdin ja vedenkeitin.<\/p>\n<\/div>\n<\/li>\n<li>\n<p><img decoding=\"async\" src=\"\/wp-content\/uploads\/2022\/02\/ha21.jpg\" alt=\"\"><\/p>\n<\/li>\n<\/ul>\n<div>\n<p>        <img decoding=\"async\" src=\"\/wp-content\/uploads\/2022\/02\/aamiainen.jpg\" alt=\"\"><\/p>\n<h3>Aamiainen<\/h3>\n<div>\n<p>Varaa aamiainen huoneenvarauksen yhteydess\u00e4 tai erikseen majoituksesi aikana. Aamiainen j\u00e4rjestet\u00e4\u00e4n yhteisty\u00f6ss\u00e4 Hotelli Kalliohovin kanssa vastap\u00e4isess\u00e4 rakennuksessa tai idyllisesti Vanhan Rauman torin laidalla sijaitsevan Caf\u00e9 Salin kanssa. Aamiaiskupongit saat henkil\u00f6kunnaltamme joko saapuessasi tai erikseen sovittaessa.<\/p>\n<p>Ryhmien erikseen sovitut aamupalat voidaan my\u00f6s kattaa Haus Annan yl\u00e4kerran aulatilaan.<\/p>\n<\/div>\n<\/div>\n<h1>Aamiaiskumppanimme<\/h1>\n<ul>\n<li>\n<p><img decoding=\"async\" src=\"\/wp-content\/uploads\/2022\/02\/kalliohovi_logo.png\" alt=\"\"><\/p>\n<p><a href=\"https:\/\/www.kalliohovi.fi\"><\/a><\/p>\n<\/li>\n<li>\n<p><img decoding=\"async\" src=\"\/wp-content\/uploads\/2022\/02\/Sali_logo.png\" alt=\"\"><\/p>\n<p><a href=\"https:\/\/www.cafesali.fi\"><\/a><\/p>\n<\/li>\n<\/ul>\n<p><!--more--><br \/>\n<!-- {\"type\":\"layout\",\"children\":[{\"name\":\"Hinnasto\",\"type\":\"section\",\"props\":{\"animation\":\"slide-bottom-small\",\"animation_delay\":false,\"image\":\"wp-content\\\/uploads\\\/2022\\\/02\\\/hausannakyltti.jpg\",\"image_effect\":\"parallax\",\"image_parallax_bgx\":\"-50,50\",\"image_parallax_easing\":\"1\",\"image_position\":\"center-center\",\"image_size\":\"cover\",\"padding\":\"xlarge\",\"style\":\"muted\",\"text_color\":\"light\",\"title_breakpoint\":\"xl\",\"title_position\":\"top-left\",\"title_rotation\":\"left\",\"vertical_align\":\"\",\"width\":\"default\"},\"children\":[{\"type\":\"row\",\"props\":{\"column_gap\":\"large\",\"row_gap\":\"large\"},\"children\":[{\"type\":\"column\",\"children\":[{\"type\":\"headline\",\"props\":{\"content\":\"Majoitustietoja\",\"position_left\":\"-290\",\"position_top\":\"70\",\"text_align\":\"center\",\"title_element\":\"h1\"}}],\"props\":{\"image_position\":\"center-center\",\"position_sticky_breakpoint\":\"m\",\"width_medium\":\"1-1\"}}]}],\"modified\":\"2022-02-21T18:44:47.391Z\"},{\"type\":\"section\",\"props\":{\"image_position\":\"center-center\",\"style\":\"default\",\"title_breakpoint\":\"xl\",\"title_position\":\"top-left\",\"title_rotation\":\"left\",\"vertical_align\":\"\",\"width\":\"default\"},\"children\":[{\"type\":\"row\",\"children\":[{\"type\":\"column\",\"props\":{\"image_position\":\"center-center\",\"padding\":\"xsmall\",\"position_sticky_breakpoint\":\"m\",\"style\":\"tile-primary\",\"width_medium\":\"1-2\",\"width_small\":\"1-2\"},\"children\":[{\"type\":\"headline\",\"props\":{\"content\":\"Majoitushinnat alkaen<br \\\/>(hinnat vaihtelevat kausittain)\",\"text_align\":\"center\",\"title_element\":\"h4\"}},{\"type\":\"description_list\",\"children\":[{\"type\":\"description_list_item\",\"props\":{\"content\":\"\n\n<p>70 \\u20ac<\\\/p>\",\"meta\":\"\",\"title\":\"Huone yhdelle\"}},{\"type\":\"description_list_item\",\"props\":{\"content\":\"\n\n<p>90 \\u20ac<\\\/p>\",\"meta\":\"\",\"title\":\"Huone kahdelle\"}},{\"type\":\"description_list_item\",\"props\":{\"content\":\"\n\n<p>85 \\u20ac<\\\/p>\",\"meta\":\"Aamiaisella\",\"title\":\"Huone yhdelle\"}},{\"type\":\"description_list_item\",\"props\":{\"content\":\"\n\n<p>120 \\u20ac<\\\/p>\",\"meta\":\"Aamiaisella\",\"title\":\"Huone kahdelle\"}}],\"props\":{\"column_breakpoint\":\"m\",\"content_style\":\"h5\",\"layout\":\"grid-2\",\"list_element\":\"ul\",\"meta_align\":\"below-title\",\"meta_style\":\"text-meta\",\"show_content\":true,\"show_link\":true,\"show_meta\":true,\"show_title\":true,\"title_colon\":false,\"title_element\":\"div\",\"title_font_family\":\"primary\",\"title_grid_column_gap\":\"small\",\"title_grid_row_gap\":\"small\",\"title_grid_width\":\"expand\",\"title_style\":\"h5\"}},{\"type\":\"text\",\"props\":{\"column_breakpoint\":\"m\",\"content\":\"\n\n<p>Hinnat sis\\u00e4lt\\u00e4v\\u00e4t arvonlis\\u00e4veron 14%.<\\\/p>\",\"margin\":\"default\",\"text_style\":\"meta\"}}]},{\"type\":\"column\",\"props\":{\"image_position\":\"center-center\",\"padding\":\"xsmall\",\"position_sticky_breakpoint\":\"m\",\"style\":\"tile-primary\",\"width_medium\":\"1-2\",\"width_small\":\"1-2\"},\"children\":[{\"type\":\"headline\",\"props\":{\"content\":\"Huoneen vastaanotto\",\"text_align\":\"center\",\"title_element\":\"h4\"}},{\"type\":\"text\",\"props\":{\"column_breakpoint\":\"m\",\"content\":\"\n\n<p>Huoneen saa k\\u00e4ytt\\u00f6\\u00f6n tulop\\u00e4iv\\u00e4n\\u00e4 kello 15 menness\\u00e4 ja huone on luovutettava l\\u00e4ht\\u00f6p\\u00e4iv\\u00e4n\\u00e4 kello 12 menness\\u00e4.<\\\/p>\\n\n\n<p>Kerrothan meille saapumisaikasi etuk\\u00e4teen, jotta osaamme olla paikalla.<\\\/p>\\n\n\n<h5>Tervetuloa Haus Annaan!<\\\/h5>\",\"margin\":\"default\",\"text_align\":\"center\"}}]}],\"props\":{\"divider\":false,\"layout\":\"1-2,1-2\"}},{\"type\":\"row\",\"children\":[{\"type\":\"column\",\"props\":{\"image_position\":\"center-center\",\"position_sticky_breakpoint\":\"m\"}}]},{\"type\":\"row\",\"children\":[{\"type\":\"column\",\"props\":{\"image_position\":\"center-center\",\"position_sticky_breakpoint\":\"m\"},\"children\":[{\"type\":\"grid\",\"children\":[{\"type\":\"grid_item\",\"props\":{\"image\":\"wp-content\\\/uploads\\\/2024\\\/03\\\/241i.jpg\"}},{\"type\":\"grid_item\",\"props\":{\"image\":\"wp-content\\\/uploads\\\/2024\\\/03\\\/241f.jpg\"}},{\"type\":\"grid_item\",\"props\":{\"image\":\"wp-content\\\/uploads\\\/2024\\\/03\\\/241g.jpg\"}},{\"type\":\"grid_item\",\"props\":{\"image\":\"wp-content\\\/uploads\\\/2024\\\/03\\\/241b.jpg\"}},{\"type\":\"grid_item\",\"props\":{\"image\":\"wp-content\\\/uploads\\\/2024\\\/03\\\/241c.jpg\"}},{\"type\":\"grid_item\",\"props\":{\"image\":\"wp-content\\\/uploads\\\/2024\\\/03\\\/241a.jpg\"}},{\"type\":\"grid_item\",\"props\":{\"image\":\"wp-content\\\/uploads\\\/2024\\\/03\\\/241e.jpg\"}},{\"type\":\"grid_item\",\"props\":{\"image\":\"wp-content\\\/uploads\\\/2024\\\/03\\\/241j.jpg\"}}],\"props\":{\"content_column_breakpoint\":\"m\",\"filter_align\":\"left\",\"filter_all\":true,\"filter_grid_breakpoint\":\"m\",\"filter_grid_width\":\"auto\",\"filter_position\":\"top\",\"filter_style\":\"tab\",\"grid_default\":\"2\",\"grid_large\":\"4\",\"grid_medium\":\"4\",\"grid_small\":\"4\",\"grid_xlarge\":\"4\",\"icon_width\":80,\"image_align\":\"top\",\"image_grid_breakpoint\":\"m\",\"image_grid_width\":\"1-2\",\"image_svg_color\":\"emphasis\",\"item_animation\":true,\"link_style\":\"default\",\"link_text\":\"Read more\",\"margin\":\"default\",\"meta_align\":\"below-title\",\"meta_element\":\"div\",\"meta_style\":\"text-meta\",\"parallax_easing\":\"1\",\"show_content\":true,\"show_image\":true,\"show_link\":true,\"show_meta\":true,\"show_title\":true,\"title_align\":\"top\",\"title_element\":\"h3\",\"title_grid_breakpoint\":\"m\",\"title_grid_width\":\"1-2\",\"title_hover_style\":\"reset\"}}]}]},{\"type\":\"row\",\"children\":[{\"type\":\"column\",\"props\":{\"image_position\":\"center-center\",\"order_first\":\"m\",\"position_sticky_breakpoint\":\"m\",\"width_small\":\"1-2\"},\"children\":[{\"type\":\"headline\",\"props\":{\"content\":\"Yhteydenottolomake\",\"text_align\":\"center\",\"title_element\":\"h4\"}},{\"type\":\"module_position\",\"props\":{\"breakpoint\":\"m\",\"content\":\"builder-3\",\"layout\":\"grid\"}}]},{\"type\":\"column\",\"props\":{\"image_position\":\"center-center\",\"order_first\":\"m\",\"position_sticky_breakpoint\":\"m\",\"width_small\":\"1-2\"},\"children\":[{\"type\":\"headline\",\"props\":{\"content\":\"Lis\\u00e4tietoja majoituksesta\",\"text_align\":\"center\",\"title_element\":\"h4\"}},{\"type\":\"grid\",\"children\":[{\"type\":\"grid_item\",\"props\":{\"content\":\"\n\n<p>Huoneen saa k\\u00e4ytt\\u00f6\\u00f6n tulop\\u00e4iv\\u00e4n\\u00e4 kello 15 menness\\u00e4 ja huone on luovutettava l\\u00e4ht\\u00f6p\\u00e4iv\\u00e4n\\u00e4 kello 12 menness\\u00e4.<\\\/p>\",\"title\":\"Huoneen vastaanotto\"}},{\"type\":\"grid_item\",\"props\":{\"content\":\"\n\n<p>Huoneisiin on saatavilla lis\\u00e4vuode, josta veloitamme 20 \\u20ac\\\/vrk. Pinnas\\u00e4nky on saatavilla veloituksetta.<\\\/p>\",\"title\":\"Lis\\u00e4vuoteet\"}},{\"type\":\"grid_item\",\"props\":{\"content\":\"\n\n<p>Majoitamme asiakkaitamme my\\u00f6s pidemmiksi ajoiksi ja annamme mielell\\u00e4mme tarjouksen tarpeesi mukaan.<\\\/p>\",\"title\":\"Pidemm\\u00e4t majoitukset\"}},{\"type\":\"grid_item\",\"props\":{\"content\":\"\n\n<p>Huoneissa on j\\u00e4\\u00e4kaappi \\u00a0ja tv. Vieraiden k\\u00e4yt\\u00f6ss\\u00e4 on yhteinen oleskelutila, jossa on mikroaaltouuni, kahvinkeitin, leiv\\u00e4npaahdin ja vedenkeitin.<\\\/p>\",\"title\":\"Huoneiden varustelu\"}},{\"type\":\"grid_item\",\"props\":{\"image\":\"wp-content\\\/uploads\\\/2022\\\/02\\\/ha21.jpg\"}}],\"props\":{\"content_column_breakpoint\":\"m\",\"content_margin\":\"remove\",\"filter_align\":\"left\",\"filter_all\":true,\"filter_grid_breakpoint\":\"m\",\"filter_grid_width\":\"auto\",\"filter_position\":\"top\",\"filter_style\":\"tab\",\"grid_column_gap\":\"small\",\"grid_default\":\"1\",\"grid_large\":\"2\",\"grid_medium\":\"2\",\"grid_row_gap\":\"small\",\"grid_small\":\"1\",\"grid_xlarge\":\"2\",\"icon_width\":80,\"image_align\":\"top\",\"image_border\":\"circle\",\"image_grid_breakpoint\":\"m\",\"image_grid_width\":\"1-2\",\"image_height\":\"250\",\"image_svg_color\":\"emphasis\",\"image_width\":\"250\",\"item_animation\":true,\"link_style\":\"default\",\"link_text\":\"Read more\",\"margin\":\"default\",\"meta_align\":\"below-title\",\"meta_element\":\"div\",\"meta_style\":\"text-meta\",\"parallax_easing\":\"1\",\"show_content\":true,\"show_image\":true,\"show_link\":true,\"show_meta\":true,\"show_title\":true,\"title_align\":\"top\",\"title_element\":\"h3\",\"title_grid_breakpoint\":\"m\",\"title_grid_width\":\"1-2\",\"title_hover_style\":\"reset\",\"title_style\":\"h5\"}}]}],\"props\":{\"layout\":\"1-2,1-2\",\"match\":false}},{\"type\":\"row\",\"children\":[{\"type\":\"column\",\"props\":{\"image_position\":\"center-center\",\"position_sticky_breakpoint\":\"m\"},\"children\":[{\"type\":\"panel\",\"props\":{\"content\":\"\n\n<p>Varaa aamiainen huoneenvarauksen yhteydess\\u00e4 tai erikseen majoituksesi aikana. Aamiainen j\\u00e4rjestet\\u00e4\\u00e4n yhteisty\\u00f6ss\\u00e4 Hotelli Kalliohovin kanssa vastap\\u00e4isess\\u00e4 rakennuksessa tai idyllisesti Vanhan Rauman torin laidalla sijaitsevan Caf\\u00e9 Salin kanssa. Aamiaiskupongit saat henkil\\u00f6kunnaltamme joko saapuessasi tai erikseen sovittaessa.<br \\\/><br \\\/>Ryhmien erikseen sovitut aamupalat voidaan my\\u00f6s kattaa Haus Annan yl\\u00e4kerran aulatilaan.<\\\/p>\",\"content_align\":false,\"content_column_breakpoint\":\"s\",\"content_dropcap\":false,\"content_margin\":\"small\",\"content_style\":\"text-meta\",\"icon_width\":80,\"image\":\"wp-content\\\/uploads\\\/2022\\\/02\\\/aamiainen.jpg\",\"image_align\":\"left\",\"image_border\":\"rounded\",\"image_grid_breakpoint\":\"s\",\"image_grid_column_gap\":\"medium\",\"image_grid_row_gap\":\"medium\",\"image_grid_width\":\"1-5\",\"image_svg_color\":\"emphasis\",\"image_vertical_align\":false,\"link_style\":\"default\",\"link_text\":\"Read more\",\"margin\":\"default\",\"meta\":\"\",\"meta_align\":\"below-content\",\"meta_element\":\"div\",\"meta_style\":\"text-meta\",\"panel_expand\":\"image\",\"panel_image_no_padding\":true,\"panel_padding\":\"small\",\"panel_style\":\"card-primary\",\"title\":\"Aamiainen\",\"title_align\":\"top\",\"title_element\":\"h3\",\"title_font_family\":\"default\",\"title_grid_breakpoint\":\"m\",\"title_grid_width\":\"1-2\",\"title_hover_style\":\"reset\"}},{\"type\":\"headline\",\"props\":{\"content\":\"Aamiaiskumppanimme\",\"text_align\":\"center\",\"title_element\":\"h1\",\"title_font_family\":\"default\",\"title_style\":\"h5\"}},{\"type\":\"grid\",\"children\":[{\"type\":\"grid_item\",\"props\":{\"image\":\"wp-content\\\/uploads\\\/2022\\\/02\\\/kalliohovi_logo.png\",\"link\":\"https:\\\/\\\/www.kalliohovi.fi\",\"meta\":\"\",\"title\":\"\"}},{\"type\":\"grid_item\",\"props\":{\"image\":\"wp-content\\\/uploads\\\/2022\\\/02\\\/Sali_logo.png\",\"link\":\"https:\\\/\\\/www.cafesali.fi\"}}],\"props\":{\"content_column_breakpoint\":\"m\",\"filter_align\":\"left\",\"filter_all\":true,\"filter_grid_breakpoint\":\"m\",\"filter_grid_width\":\"auto\",\"filter_position\":\"top\",\"filter_style\":\"tab\",\"grid_column_align\":false,\"grid_column_gap\":\"collapse\",\"grid_default\":\"2\",\"grid_large\":\"2\",\"grid_medium\":\"2\",\"grid_row_align\":false,\"grid_row_gap\":\"collapse\",\"grid_small\":\"2\",\"grid_xlarge\":\"2\",\"icon_width\":80,\"image_align\":\"top\",\"image_grid_breakpoint\":\"m\",\"image_grid_width\":\"1-2\",\"image_link\":true,\"image_svg_color\":\"emphasis\",\"image_transition\":\"scale-up\",\"item_animation\":true,\"lightbox\":false,\"link_style\":\"default\",\"link_text\":\"\",\"margin\":\"default\",\"meta_align\":\"below-content\",\"meta_element\":\"div\",\"meta_style\":\"text-meta\",\"panel_link\":false,\"parallax_easing\":\"1\",\"show_content\":true,\"show_image\":true,\"show_link\":true,\"show_meta\":false,\"show_title\":false,\"text_align\":\"center\",\"title_align\":\"top\",\"title_element\":\"h3\",\"title_font_family\":\"default\",\"title_grid_breakpoint\":\"m\",\"title_grid_width\":\"1-2\",\"title_hover_style\":\"reset\"}}]}]}]}],\"version\":\"4.4.8\"} --><\/p>\n","protected":false},"excerpt":{"rendered":"<p>Majoitustietoja Majoitushinnat alkaen(hinnat vaihtelevat kausittain) Huone yhdelle 70 \u20ac Huone kahdelle 90 \u20ac Huone yhdelle Aamiaisella 85 \u20ac Huone kahdelle Aamiaisella 120 \u20ac Hinnat sis\u00e4lt\u00e4v\u00e4t arvonlis\u00e4veron 14%. Huoneen vastaanotto Huoneen saa k\u00e4ytt\u00f6\u00f6n tulop\u00e4iv\u00e4n\u00e4 kello 15 menness\u00e4 ja huone on luovutettava l\u00e4ht\u00f6p\u00e4iv\u00e4n\u00e4 kello 12 menness\u00e4. Kerrothan meille saapumisaikasi etuk\u00e4teen, jotta osaamme olla paikalla. Tervetuloa Haus Annaan! [&hellip;]<\/p>\n","protected":false},"author":1,"featured_media":0,"parent":0,"menu_order":9,"comment_status":"open","ping_status":"open","template":"","meta":{"_acf_changed":false,"footnotes":""},"class_list":["post-6","page","type-page","status-publish","hentry"],"acf":[],"jetpack_sharing_enabled":true,"_links":{"self":[{"href":"https:\/\/www.hausanna.fi\/index.php?rest_route=\/wp\/v2\/pages\/6","targetHints":{"allow":["GET"]}}],"collection":[{"href":"https:\/\/www.hausanna.fi\/index.php?rest_route=\/wp\/v2\/pages"}],"about":[{"href":"https:\/\/www.hausanna.fi\/index.php?rest_route=\/wp\/v2\/types\/page"}],"author":[{"embeddable":true,"href":"https:\/\/www.hausanna.fi\/index.php?rest_route=\/wp\/v2\/users\/1"}],"replies":[{"embeddable":true,"href":"https:\/\/www.hausanna.fi\/index.php?rest_route=%2Fwp%2Fv2%2Fcomments&post=6"}],"version-history":[{"count":212,"href":"https:\/\/www.hausanna.fi\/index.php?rest_route=\/wp\/v2\/pages\/6\/revisions"}],"predecessor-version":[{"id":1625,"href":"https:\/\/www.hausanna.fi\/index.php?rest_route=\/wp\/v2\/pages\/6\/revisions\/1625"}],"wp:attachment":[{"href":"https:\/\/www.hausanna.fi\/index.php?rest_route=%2Fwp%2Fv2%2Fmedia&parent=6"}],"curies":[{"name":"wp","href":"https:\/\/api.w.org\/{rel}","templated":true}]}}