{"id":5,"date":"2019-09-10T12:09:19","date_gmt":"2019-09-10T12:09:19","guid":{"rendered":"https:\/\/hausanna.fi\/?p=5"},"modified":"2024-05-12T20:32:04","modified_gmt":"2024-05-12T18:32:04","slug":"about","status":"publish","type":"page","link":"https:\/\/www.hausanna.fi\/?page_id=5","title":{"rendered":"Sauna"},"content":{"rendered":"<div>Aah. Sauna.<\/div>\n<div>Sauna tilaisuuttasi varten<\/div>\n<div>\n<p>Saunamme on varattavissa enint\u00e4\u00e4n 15 henkil\u00f6lle kello 23.00 asti jokaisena viikonp\u00e4iv\u00e4n\u00e4.<\/p>\n<p>Tilaa meilt\u00e4 my\u00f6s saunaruokasi. Kysy eri menuvaihtoehtoja saunavarauksen yhteydess\u00e4.<\/p>\n<\/div>\n<p><img decoding=\"async\" src=\"\/wp-content\/uploads\/2022\/02\/sauna2w.jpg\" alt=\"\"><\/p>\n<h2>Perinteit\u00e4 parhaimmillaan<\/h2>\n<div>\n<p>Sallimme omien alkoholituotteiden nauttimisen tiloissamme, sill\u00e4 tila on yksityinen eik\u00e4 se ole anniskelualuetta. Saunatiloissa on j\u00e4\u00e4kaappi.<\/p>\n<p>Saunatiloissamme on k\u00e4yt\u00f6ss\u00e4 pesuaineita, laudeliinat ja hiustenkuivaaja. Pyyhkeet toimitetaan saunojille etuk\u00e4teen tilattuna hintaan 5\u20ac\/hl\u00f6. Kylpytakit 10\u20ac\/hl\u00f6.<\/p>\n<p>Saunatiloissa on perinteisen saunan lis\u00e4ksi my\u00f6s h\u00f6yrysauna.<\/p>\n<\/div>\n<p><img decoding=\"async\" src=\"\/wp-content\/uploads\/2024\/05\/Sauna24_1.jpg\" alt=\"\"><br \/>\n<img decoding=\"async\" src=\"\/wp-content\/uploads\/2022\/02\/sauna3w.jpg\" alt=\"\"><\/p>\n<div>\n<h2>Hinnat ja varaus<\/h2>\n<div>\n<p>Saunomisen hinta vaihtelee tarpeen mukaan. Annamme mielell\u00e4mme t\u00e4sm\u00e4llisen ja tarpeeseesi sopivan tarjouksen. Pyyd\u00e4mme kysym\u00e4\u00e4n tarjousta tai varaamaan saunan ensisijaisesti lomakkeella tai s\u00e4hk\u00f6postitse.<\/p>\n<p>info@hausanna.fi<\/p>\n<\/div>\n<p><a href=\"\/index.php?page_id=6\">Lomakesivulle<\/a><\/p>\n<\/div>\n<ul>\n<li>\n<p><img decoding=\"async\" src=\"\/wp-content\/uploads\/2024\/05\/Sauna243.jpg\" alt=\"\"><\/p>\n<\/li>\n<li>\n<p><img decoding=\"async\" src=\"\/wp-content\/uploads\/2024\/05\/Sauna242.jpg\" alt=\"\"><\/p>\n<\/li>\n<li>\n<p><img decoding=\"async\" src=\"\/wp-content\/uploads\/2024\/05\/Sauna241.jpg\" alt=\"\"><\/p>\n<\/li>\n<li>\n<p><img decoding=\"async\" src=\"\/wp-content\/uploads\/2024\/05\/Sauna244.jpg\" alt=\"\"><\/p>\n<\/li>\n<\/ul>\n<h1>Kumppanimme saunaruoassa<\/h1>\n<ul>\n<li>\n<p><img decoding=\"async\" src=\"\/wp-content\/uploads\/2022\/02\/kalliohovi_logo.png\" alt=\"\"><\/p>\n<p><a href=\"https:\/\/www.kalliohovi.fi\"><\/a><\/p>\n<\/li>\n<li>\n<p><img decoding=\"async\" src=\"\/wp-content\/uploads\/2022\/02\/Sali_logo.png\" alt=\"\"><\/p>\n<p><a href=\"https:\/\/www.cafesali.fi\"><\/a><\/p>\n<\/li>\n<\/ul>\n<p><!--more--><br \/>\n<!-- {\"type\":\"layout\",\"children\":[{\"name\":\"Hero\",\"type\":\"section\",\"props\":{\"image\":\"wp-content\\\/uploads\\\/2022\\\/02\\\/saunawidef.jpg\",\"image_position\":\"center-center\",\"image_size\":\"cover\",\"image_width\":\"2560\",\"padding\":\"xlarge\",\"style\":\"default\",\"text_color\":\"light\",\"title_breakpoint\":\"xl\",\"title_position\":\"top-left\",\"title_rotation\":\"left\",\"vertical_align\":\"middle\",\"width\":\"large\"},\"children\":[{\"type\":\"row\",\"children\":[{\"type\":\"column\",\"props\":{\"image_position\":\"center-center\",\"position_sticky_breakpoint\":\"m\",\"width_medium\":\"1-1\"},\"children\":[{\"type\":\"headline\",\"props\":{\"content\":\"Aah. Sauna.\",\"margin_remove_top\":true,\"text_align\":\"center\",\"title_element\":\"div\",\"title_style\":\"heading-small\"}}]}]}]},{\"name\":\"About\",\"type\":\"section\",\"props\":{\"image_position\":\"center-center\",\"padding\":\"large\",\"style\":\"default\",\"title\":\"Authentic Tradition\",\"title_breakpoint\":\"xl\",\"title_position\":\"center-right\",\"title_rotation\":\"left\",\"vertical_align\":\"middle\",\"width\":\"large\"},\"children\":[{\"type\":\"row\",\"props\":{\"column_gap\":\"large\",\"layout\":\"1-2,1-2\",\"row_gap\":\"large\",\"vertical_align\":true},\"children\":[{\"type\":\"column\",\"props\":{\"image_position\":\"center-center\",\"position_sticky_breakpoint\":\"m\",\"vertical_align\":\"middle\",\"width_small\":\"1-2\"},\"children\":[{\"type\":\"headline\",\"props\":{\"content\":\"Sauna tilaisuuttasi varten\",\"text_align\":\"center\",\"title_element\":\"div\",\"title_style\":\"h2\"}},{\"type\":\"text\",\"props\":{\"block_align\":\"center\",\"column_breakpoint\":\"m\",\"content\":\"\n\n<p>Saunamme on varattavissa enint\\u00e4\\u00e4n 15 henkil\\u00f6lle kello 23.00 asti jokaisena viikonp\\u00e4iv\\u00e4n\\u00e4.<\\\/p>\\n\n\n<p>Tilaa meilt\\u00e4 my\\u00f6s saunaruokasi. Kysy eri menuvaihtoehtoja saunavarauksen yhteydess\\u00e4.<\\\/p>\",\"margin\":\"default\",\"maxwidth\":\"xlarge\",\"text_align\":\"center\",\"text_style\":\"lead\"}}]},{\"type\":\"column\",\"props\":{\"image_position\":\"center-center\",\"position_sticky_breakpoint\":\"m\",\"vertical_align\":\"middle\",\"width_small\":\"1-2\"},\"children\":[{\"type\":\"image\",\"props\":{\"image\":\"wp-content\\\/uploads\\\/2022\\\/02\\\/sauna2w.jpg\",\"image_svg_color\":\"emphasis\",\"image_width\":\"650\",\"margin\":\"default\"}}]}]},{\"type\":\"row\",\"props\":{\"column_gap\":\"large\",\"layout\":\"1-2,1-2\",\"row_gap\":\"large\",\"vertical_align\":false},\"children\":[{\"type\":\"column\",\"props\":{\"image_position\":\"center-center\",\"position_sticky_breakpoint\":\"m\",\"width_small\":\"1-2\"},\"children\":[{\"type\":\"headline\",\"props\":{\"content\":\"Perinteit\\u00e4 parhaimmillaan\",\"maxwidth\":\"medium\",\"maxwidth_breakpoint\":\"s\",\"text_align\":\"left\",\"text_align_breakpoint\":\"s\",\"text_align_fallback\":\"center\",\"title_element\":\"h2\",\"title_style\":\"h3\"}},{\"type\":\"divider\",\"props\":{\"divider_align\":\"left\",\"divider_align_breakpoint\":\"s\",\"divider_align_fallback\":\"center\",\"divider_element\":\"div\",\"divider_style\":\"small\"}},{\"type\":\"text\",\"props\":{\"column_breakpoint\":\"m\",\"content\":\"\n\n<p>Sallimme omien alkoholituotteiden nauttimisen tiloissamme, sill\\u00e4 tila on yksityinen eik\\u00e4 se ole anniskelualuetta. Saunatiloissa on j\\u00e4\\u00e4kaappi.<\\\/p>\\n\n\n<p>Saunatiloissamme on k\\u00e4yt\\u00f6ss\\u00e4 pesuaineita, laudeliinat ja hiustenkuivaaja. Pyyhkeet toimitetaan saunojille etuk\\u00e4teen tilattuna hintaan 5\\u20ac\\\/hl\\u00f6. Kylpytakit 10\\u20ac\\\/hl\\u00f6.<\\\/p>\\n\n\n<p>Saunatiloissa on perinteisen saunan lis\\u00e4ksi my\\u00f6s h\\u00f6yrysauna.<\\\/p>\",\"margin\":\"xlarge\",\"margin_remove_top\":true,\"maxwidth\":\"xlarge\",\"maxwidth_breakpoint\":\"m\",\"text_align\":\"left\",\"text_align_breakpoint\":\"s\",\"text_align_fallback\":\"center\"}},{\"type\":\"image\",\"props\":{\"image\":\"wp-content\\\/uploads\\\/2024\\\/05\\\/Sauna24_1.jpg\",\"image_svg_color\":\"emphasis\",\"image_width\":\"650\",\"margin\":\"default\"}}]},{\"type\":\"column\",\"props\":{\"image_position\":\"center-center\",\"order_first\":\"s\",\"position_sticky_breakpoint\":\"m\",\"width_small\":\"1-2\"},\"children\":[{\"type\":\"image\",\"props\":{\"image\":\"wp-content\\\/uploads\\\/2022\\\/02\\\/sauna3w.jpg\",\"image_svg_color\":\"emphasis\",\"image_width\":\"650\",\"margin\":\"large\"}},{\"type\":\"panel\",\"props\":{\"block_align\":\"right\",\"content\":\"\n\n<p>Saunomisen hinta vaihtelee tarpeen mukaan. Annamme mielell\\u00e4mme t\\u00e4sm\\u00e4llisen ja tarpeeseesi sopivan tarjouksen. Pyyd\\u00e4mme kysym\\u00e4\\u00e4n tarjousta tai varaamaan saunan ensisijaisesti lomakkeella tai s\\u00e4hk\\u00f6postitse.<\\\/p>\\n\n\n<p>info@hausanna.fi<\\\/p>\",\"content_column_breakpoint\":\"m\",\"icon_width\":80,\"image_align\":\"top\",\"image_grid_breakpoint\":\"m\",\"image_grid_width\":\"1-2\",\"image_svg_color\":\"emphasis\",\"link\":\"index.php?page_id=6\",\"link_style\":\"default\",\"link_text\":\"Lomakesivulle\",\"margin\":\"default\",\"maxwidth\":\"2xlarge\",\"maxwidth_breakpoint\":\"m\",\"meta_align\":\"below-title\",\"meta_element\":\"div\",\"meta_style\":\"text-meta\",\"panel_padding\":\"large\",\"panel_style\":\"card-primary\",\"text_align\":\"center\",\"title\":\"Hinnat ja varaus\",\"title_align\":\"top\",\"title_element\":\"h2\",\"title_grid_breakpoint\":\"m\",\"title_grid_width\":\"1-2\",\"title_hover_style\":\"reset\"}}]}]}]},{\"type\":\"section\",\"props\":{\"image_position\":\"center-center\",\"style\":\"default\",\"title_breakpoint\":\"xl\",\"title_position\":\"top-left\",\"title_rotation\":\"left\",\"vertical_align\":\"middle\",\"width\":\"default\"},\"children\":[{\"type\":\"row\",\"children\":[{\"type\":\"column\",\"props\":{\"image_position\":\"center-center\",\"position_sticky_breakpoint\":\"m\"},\"children\":[{\"type\":\"grid\",\"children\":[{\"type\":\"grid_item\",\"props\":{\"image\":\"wp-content\\\/uploads\\\/2024\\\/05\\\/Sauna243.jpg\"}},{\"type\":\"grid_item\",\"props\":{\"image\":\"wp-content\\\/uploads\\\/2024\\\/05\\\/Sauna242.jpg\"}},{\"type\":\"grid_item\",\"props\":{\"image\":\"wp-content\\\/uploads\\\/2024\\\/05\\\/Sauna241.jpg\"}},{\"type\":\"grid_item\",\"props\":{\"image\":\"wp-content\\\/uploads\\\/2024\\\/05\\\/Sauna244.jpg\"}}],\"props\":{\"content_column_breakpoint\":\"m\",\"filter_align\":\"left\",\"filter_all\":true,\"filter_grid_breakpoint\":\"m\",\"filter_grid_width\":\"auto\",\"filter_position\":\"top\",\"filter_style\":\"tab\",\"grid_default\":\"2\",\"grid_large\":\"4\",\"grid_medium\":\"4\",\"grid_small\":\"4\",\"grid_xlarge\":\"4\",\"icon_width\":80,\"image_align\":\"top\",\"image_grid_breakpoint\":\"m\",\"image_grid_width\":\"1-2\",\"image_svg_color\":\"emphasis\",\"item_animation\":true,\"link_style\":\"default\",\"link_text\":\"Read more\",\"margin\":\"default\",\"meta_align\":\"below-title\",\"meta_element\":\"div\",\"meta_style\":\"text-meta\",\"parallax_easing\":\"1\",\"show_content\":true,\"show_image\":true,\"show_link\":true,\"show_meta\":true,\"show_title\":true,\"title_align\":\"top\",\"title_element\":\"h3\",\"title_grid_breakpoint\":\"m\",\"title_grid_width\":\"1-2\",\"title_hover_style\":\"reset\"},\"name\":\"Sauna Grid\"}]}]}]},{\"type\":\"section\",\"props\":{\"image_position\":\"center-center\",\"style\":\"default\",\"title_breakpoint\":\"xl\",\"title_position\":\"top-left\",\"title_rotation\":\"left\",\"vertical_align\":\"middle\",\"width\":\"default\"},\"children\":[{\"type\":\"row\",\"children\":[{\"type\":\"column\",\"props\":{\"image_position\":\"center-center\",\"position_sticky_breakpoint\":\"m\"},\"children\":[{\"type\":\"headline\",\"props\":{\"content\":\"Kumppanimme saunaruoassa\",\"text_align\":\"center\",\"title_element\":\"h1\",\"title_font_family\":\"default\",\"title_style\":\"h5\"}},{\"type\":\"grid\",\"children\":[{\"type\":\"grid_item\",\"props\":{\"image\":\"wp-content\\\/uploads\\\/2022\\\/02\\\/kalliohovi_logo.png\",\"link\":\"https:\\\/\\\/www.kalliohovi.fi\",\"meta\":\"\",\"title\":\"\"}},{\"type\":\"grid_item\",\"props\":{\"image\":\"wp-content\\\/uploads\\\/2022\\\/02\\\/Sali_logo.png\",\"link\":\"https:\\\/\\\/www.cafesali.fi\"}}],\"props\":{\"content_column_breakpoint\":\"m\",\"filter_align\":\"left\",\"filter_all\":true,\"filter_grid_breakpoint\":\"m\",\"filter_grid_width\":\"auto\",\"filter_position\":\"top\",\"filter_style\":\"tab\",\"grid_column_align\":false,\"grid_column_gap\":\"collapse\",\"grid_default\":\"2\",\"grid_large\":\"2\",\"grid_medium\":\"2\",\"grid_row_align\":false,\"grid_row_gap\":\"collapse\",\"grid_small\":\"2\",\"grid_xlarge\":\"2\",\"icon_width\":80,\"image_align\":\"top\",\"image_grid_breakpoint\":\"m\",\"image_grid_width\":\"1-2\",\"image_link\":true,\"image_svg_color\":\"emphasis\",\"image_transition\":\"scale-up\",\"item_animation\":true,\"lightbox\":false,\"link_style\":\"default\",\"link_text\":\"\",\"margin\":\"default\",\"meta_align\":\"below-content\",\"meta_element\":\"div\",\"meta_style\":\"text-meta\",\"panel_link\":false,\"parallax_easing\":\"1\",\"show_content\":true,\"show_image\":true,\"show_link\":true,\"show_meta\":false,\"show_title\":false,\"text_align\":\"center\",\"title_align\":\"top\",\"title_element\":\"h3\",\"title_font_family\":\"default\",\"title_grid_breakpoint\":\"m\",\"title_grid_width\":\"1-2\",\"title_hover_style\":\"reset\"}}]}]}],\"modified\":\"2022-02-26T15:17:51.445Z\",\"name\":\"Kumppani\"}],\"version\":\"4.3.10\"} --><\/p>\n","protected":false},"excerpt":{"rendered":"<p>Aah. Sauna. Sauna tilaisuuttasi varten Saunamme on varattavissa enint\u00e4\u00e4n 15 henkil\u00f6lle kello 23.00 asti jokaisena viikonp\u00e4iv\u00e4n\u00e4. Tilaa meilt\u00e4 my\u00f6s saunaruokasi. Kysy eri menuvaihtoehtoja saunavarauksen yhteydess\u00e4. Perinteit\u00e4 parhaimmillaan Sallimme omien alkoholituotteiden nauttimisen tiloissamme, sill\u00e4 tila on yksityinen eik\u00e4 se ole anniskelualuetta. Saunatiloissa on j\u00e4\u00e4kaappi. Saunatiloissamme on k\u00e4yt\u00f6ss\u00e4 pesuaineita, laudeliinat ja hiustenkuivaaja. Pyyhkeet toimitetaan saunojille etuk\u00e4teen tilattuna [&hellip;]<\/p>\n","protected":false},"author":1,"featured_media":0,"parent":0,"menu_order":8,"comment_status":"open","ping_status":"open","template":"","meta":{"_acf_changed":false,"footnotes":""},"class_list":["post-5","page","type-page","status-publish","hentry"],"acf":[],"jetpack_sharing_enabled":true,"_links":{"self":[{"href":"https:\/\/www.hausanna.fi\/index.php?rest_route=\/wp\/v2\/pages\/5","targetHints":{"allow":["GET"]}}],"collection":[{"href":"https:\/\/www.hausanna.fi\/index.php?rest_route=\/wp\/v2\/pages"}],"about":[{"href":"https:\/\/www.hausanna.fi\/index.php?rest_route=\/wp\/v2\/types\/page"}],"author":[{"embeddable":true,"href":"https:\/\/www.hausanna.fi\/index.php?rest_route=\/wp\/v2\/users\/1"}],"replies":[{"embeddable":true,"href":"https:\/\/www.hausanna.fi\/index.php?rest_route=%2Fwp%2Fv2%2Fcomments&post=5"}],"version-history":[{"count":65,"href":"https:\/\/www.hausanna.fi\/index.php?rest_route=\/wp\/v2\/pages\/5\/revisions"}],"predecessor-version":[{"id":1563,"href":"https:\/\/www.hausanna.fi\/index.php?rest_route=\/wp\/v2\/pages\/5\/revisions\/1563"}],"wp:attachment":[{"href":"https:\/\/www.hausanna.fi\/index.php?rest_route=%2Fwp%2Fv2%2Fmedia&parent=5"}],"curies":[{"name":"wp","href":"https:\/\/api.w.org\/{rel}","templated":true}]}}