{"id":1,"date":"2019-09-10T12:09:19","date_gmt":"2019-09-10T12:09:19","guid":{"rendered":"https:\/\/hausanna.fi\/?p=1"},"modified":"2022-02-28T14:52:13","modified_gmt":"2022-02-28T12:52:13","slug":"home","status":"publish","type":"page","link":"https:\/\/www.hausanna.fi\/","title":{"rendered":"Home"},"content":{"rendered":"<p><img decoding=\"async\" src=\"\/wp-content\/uploads\/2022\/02\/ha_logo-1.svg\" alt=\"\"><\/p>\n<div>\n<p><a href=\"https:\/\/www.google.com\/maps\/place\/Haus+Anna\/@61.1295879,21.4932972,15z\/data=!4m8!3m7!1s0x0:0x7f54bf4d4f5452bf!5m2!4m1!1i2!8m2!3d61.1295879!4d21.4932972\">Satamakatu 7, Rauma<\/a><br \/><a href=\"tel:+358505667388\"><span>050 566 7388<\/span><\/a><\/p>\n<\/div>\n<ul>\n<li>\n<p>        <img decoding=\"async\" src=\"\/wp-content\/uploads\/2022\/02\/HA_tyyny.jpg\" alt=\"\"><\/p>\n<div>Meill\u00e4 nukut hyvin<\/div>\n<p>Varaa majoitus<\/p>\n<p><a href=\"\/index.php?page_id=6\"><\/a><\/p>\n<\/li>\n<li>\n<p>        <img decoding=\"async\" src=\"\/wp-content\/uploads\/2022\/02\/sauna1.jpg\" alt=\"\"><\/p>\n<div>Sauna<\/div>\n<p>My\u00f6s yksityistilaisuuksiin<\/p>\n<p><a href=\"\/index.php?page_id=5\"><\/a><\/p>\n<\/li>\n<\/ul>\n<h2>Tarjoamme my\u00f6s<br \/>pidemp\u00e4\u00e4 majoitusta<\/h2>\n<div>\n<p>Yritysten ty\u00f6ntekij\u00f6iden tai henkil\u00f6kohtaiseen majoitustarpeeseesi sopimuksen mukaan.<\/p>\n<\/div>\n<p>\n    <a href=\"\/index.php?page_id=6\">Lue lis\u00e4\u00e4<\/a>\n<\/p>\n<h1>\n<p>Odotamme sinua.<br \/>Yksil\u00f6llisesti.<\/p>\n<\/h1>\n<p><!--more--><br \/>\n<!-- {\"name\":\"Home\",\"type\":\"layout\",\"children\":[{\"name\":\"Hero\",\"type\":\"section\",\"props\":{\"style\":\"default\",\"width\":\"large\",\"vertical_align\":\"middle\",\"title_position\":\"top-left\",\"title_rotation\":\"left\",\"title_breakpoint\":\"xl\",\"image_position\":\"center-center\",\"height\":\"full\",\"padding\":\"small\",\"image\":\"wp-content\\\/uploads\\\/2022\\\/02\\\/raumajuliste2.jpg\",\"text_color\":\"light\",\"image_size\":\"cover\",\"image_width\":\"2560\"},\"children\":[{\"name\":\"\",\"type\":\"row\",\"children\":[{\"name\":\"\",\"type\":\"column\",\"props\":{\"image_position\":\"center-center\",\"width_medium\":\"1-1\",\"media_overlay_gradient\":\"\",\"position_sticky_breakpoint\":\"m\"},\"children\":[{\"type\":\"image\",\"props\":{\"image\":\"wp-content\\\/uploads\\\/2022\\\/02\\\/ha_logo-1.svg\",\"text_align\":\"center\",\"margin\":\"default\",\"image_svg_color\":\"emphasis\",\"image_width\":\"500\"}},{\"name\":\"\",\"type\":\"text\",\"props\":{\"margin\":\"\",\"column_breakpoint\":\"m\",\"text_align\":\"center\",\"content\":\"\n\n<p><a href=\\\"https:\\\/\\\/www.google.com\\\/maps\\\/place\\\/Haus+Anna\\\/@61.1295879,21.4932972,15z\\\/data=!4m8!3m7!1s0x0:0x7f54bf4d4f5452bf!5m2!4m1!1i2!8m2!3d61.1295879!4d21.4932972\\\">Satamakatu 7, Rauma<\\\/a><br \\\/><a href=\\\"tel:+358505667388\\\"><span>050 566 7388<\\\/span><\\\/a><\\\/p>\",\"margin_remove_bottom\":false}}]}]}]},{\"name\":\"Menu\",\"type\":\"section\",\"props\":{\"style\":\"default\",\"width\":\"xlarge\",\"vertical_align\":\"middle\",\"title_position\":\"top-left\",\"title_rotation\":\"left\",\"title_breakpoint\":\"xl\",\"image_position\":\"center-center\",\"padding\":\"xsmall\",\"padding_remove_bottom\":false},\"children\":[{\"name\":\"\",\"type\":\"row\",\"props\":{\"layout\":\"2-3,1-3\",\"match\":false,\"vertical_align\":\"middle\",\"column_gap\":\"small\",\"row_gap\":\"small\"},\"children\":[{\"name\":\"\",\"type\":\"column\",\"props\":{\"image_position\":\"center-center\",\"vertical_align\":\"middle\",\"width_large\":\"2-3\",\"media_overlay_gradient\":\"\",\"position_sticky_breakpoint\":\"m\"},\"children\":[{\"name\":\"\",\"type\":\"gallery\",\"props\":{\"show_title\":true,\"show_meta\":true,\"show_content\":true,\"show_link\":true,\"show_hover_image\":true,\"grid_default\":\"1\",\"grid_medium\":\"\",\"filter_style\":\"tab\",\"filter_all\":true,\"filter_position\":\"top\",\"filter_align\":\"left\",\"filter_grid_width\":\"auto\",\"overlay_mode\":\"cover\",\"overlay_position\":\"center\",\"overlay_transition\":\"fade\",\"title_element\":\"div\",\"meta_style\":\"meta\",\"meta_align\":\"below-title\",\"text_align\":\"center\",\"margin\":\"default\",\"grid_small\":\"2\",\"overlay_style\":\"overlay-default\",\"text_color\":\"\",\"item_animation\":true,\"overlay_hover\":true,\"image_width\":\"610\",\"grid_column_gap\":\"small\",\"grid_row_gap\":\"small\",\"filter_grid_breakpoint\":\"m\",\"overlay_link\":true,\"link_text\":\"\",\"title_hover_style\":\"reset\",\"link_style\":\"default\",\"meta_element\":\"div\",\"title_style\":\"h3\"},\"children\":[{\"name\":\"\",\"type\":\"gallery_item\",\"props\":{\"image\":\"wp-content\\\/uploads\\\/2022\\\/02\\\/HA_tyyny.jpg\",\"title\":\"Meill\\u00e4 nukut hyvin\",\"link\":\"index.php?page_id=6\",\"hover_image\":null,\"meta\":\"Varaa majoitus\"}},{\"name\":\"\",\"type\":\"gallery_item\",\"props\":{\"image\":\"wp-content\\\/uploads\\\/2022\\\/02\\\/sauna1.jpg\",\"title\":\"Sauna\",\"link\":\"index.php?page_id=5\",\"hover_image\":null,\"meta\":\"My\\u00f6s yksityistilaisuuksiin\"}}]}]},{\"name\":\"\",\"type\":\"column\",\"props\":{\"image_position\":\"center-center\",\"style\":\"secondary\",\"padding\":\"large\",\"vertical_align\":\"middle\",\"width_large\":\"1-3\",\"media_overlay_gradient\":\"\",\"position_sticky_breakpoint\":\"m\"},\"children\":[{\"name\":\"\",\"type\":\"headline\",\"props\":{\"title_element\":\"h2\",\"title_style\":\"h3\",\"text_align\":\"center\",\"maxwidth\":\"medium\",\"content\":\"Tarjoamme my\\u00f6s<br \\\/>pidemp\\u00e4\\u00e4 majoitusta\",\"block_align\":\"center\"}},{\"name\":\"\",\"type\":\"text\",\"props\":{\"margin\":\"default\",\"column_breakpoint\":\"m\",\"text_align\":\"center\",\"maxwidth\":\"medium\",\"content\":\"\n\n<p>Yritysten ty\\u00f6ntekij\\u00f6iden tai henkil\\u00f6kohtaiseen majoitustarpeeseesi sopimuksen mukaan.<\\\/p>\",\"block_align\":\"center\"}},{\"name\":\"\",\"type\":\"button\",\"props\":{\"margin\":\"default\",\"text_align\":\"center\",\"maxwidth\":\"medium\",\"block_align\":\"center\",\"grid_column_gap\":\"small\",\"grid_row_gap\":\"small\",\"fullwidth\":false},\"children\":[{\"name\":\"\",\"type\":\"button_item\",\"props\":{\"button_style\":\"text\",\"icon_align\":\"left\",\"content\":\"Lue lis\\u00e4\\u00e4\",\"link\":\"index.php?page_id=6\",\"icon\":\"\",\"link_title\":\"\"}}]}]}]}]},{\"name\":\"About\",\"type\":\"section\",\"props\":{\"style\":\"default\",\"width\":\"xlarge\",\"vertical_align\":\"middle\",\"title_position\":\"top-left\",\"title_rotation\":\"left\",\"title_breakpoint\":\"xl\",\"image_position\":\"center-center\",\"height\":\"percent\",\"padding\":\"small\",\"image\":\"wp-content\\\/uploads\\\/2022\\\/02\\\/hausannakyltti.jpg\",\"text_color\":\"light\",\"image_effect\":\"parallax\",\"image_parallax_bgy_end\":\"80\",\"image_parallax_bgy_start\":\"-40\",\"image_width\":\"auto\",\"image_parallax_easing\":\"0.2\",\"padding_remove_top\":false,\"padding_remove_bottom\":false},\"children\":[{\"name\":\"\",\"type\":\"row\",\"children\":[{\"name\":\"\",\"type\":\"column\",\"props\":{\"image_position\":\"center-center\",\"width_medium\":\"1-1\",\"media_overlay_gradient\":\"\",\"position_sticky_breakpoint\":\"m\"},\"children\":[{\"name\":\"\",\"type\":\"headline\",\"props\":{\"title_element\":\"h1\",\"title_style\":\"h1\",\"text_align\":\"center\",\"margin\":\"medium\",\"content\":\"\n\n<p>Odotamme sinua.<br \\\/>Yksil\\u00f6llisesti.<\\\/p>\",\"block_align\":\"center\"}}]}],\"props\":{\"margin_remove_top\":false}}]}],\"version\":\"2.7.17\"} --><\/p>\n","protected":false},"excerpt":{"rendered":"<p>Satamakatu 7, Rauma050 566 7388 Meill\u00e4 nukut hyvin Varaa majoitus Sauna My\u00f6s yksityistilaisuuksiin Tarjoamme my\u00f6spidemp\u00e4\u00e4 majoitusta Yritysten ty\u00f6ntekij\u00f6iden tai henkil\u00f6kohtaiseen majoitustarpeeseesi sopimuksen mukaan. Lue lis\u00e4\u00e4 Odotamme sinua.Yksil\u00f6llisesti.<\/p>\n","protected":false},"author":1,"featured_media":0,"parent":0,"menu_order":4,"comment_status":"open","ping_status":"open","template":"","meta":{"_acf_changed":false,"footnotes":""},"class_list":["post-1","page","type-page","status-publish","hentry"],"acf":[],"jetpack_sharing_enabled":true,"_links":{"self":[{"href":"https:\/\/www.hausanna.fi\/index.php?rest_route=\/wp\/v2\/pages\/1","targetHints":{"allow":["GET"]}}],"collection":[{"href":"https:\/\/www.hausanna.fi\/index.php?rest_route=\/wp\/v2\/pages"}],"about":[{"href":"https:\/\/www.hausanna.fi\/index.php?rest_route=\/wp\/v2\/types\/page"}],"author":[{"embeddable":true,"href":"https:\/\/www.hausanna.fi\/index.php?rest_route=\/wp\/v2\/users\/1"}],"replies":[{"embeddable":true,"href":"https:\/\/www.hausanna.fi\/index.php?rest_route=%2Fwp%2Fv2%2Fcomments&post=1"}],"version-history":[{"count":35,"href":"https:\/\/www.hausanna.fi\/index.php?rest_route=\/wp\/v2\/pages\/1\/revisions"}],"predecessor-version":[{"id":1427,"href":"https:\/\/www.hausanna.fi\/index.php?rest_route=\/wp\/v2\/pages\/1\/revisions\/1427"}],"wp:attachment":[{"href":"https:\/\/www.hausanna.fi\/index.php?rest_route=%2Fwp%2Fv2%2Fmedia&parent=1"}],"curies":[{"name":"wp","href":"https:\/\/api.w.org\/{rel}","templated":true}]}}